{"id":65,"date":"2023-03-11T15:41:41","date_gmt":"2023-03-11T14:41:41","guid":{"rendered":"http:\/\/jacquesfaujour.com\/?page_id=65"},"modified":"2023-07-26T21:15:36","modified_gmt":"2023-07-26T19:15:36","slug":"biographie","status":"publish","type":"page","link":"https:\/\/jacquesfaujour.com\/index.php\/biographie\/","title":{"rendered":"Biographie"},"content":{"rendered":"<figure id=\"attachment_138\" aria-describedby=\"caption-attachment-138\" style=\"width: 189px\" class=\"wp-caption alignleft\"><a href=\"https:\/\/jacquesfaujour.com\/wp-content\/uploads\/2023\/03\/Jacques-Faujour-683x1024-1.jpg\" target=\"_blank\" rel=\"noopener\"><img decoding=\"async\" loading=\"lazy\" class=\"wp-image-138\" src=\"https:\/\/jacquesfaujour.com\/wp-content\/uploads\/2023\/03\/Jacques-Faujour-683x1024-1-200x300.jpg\" alt=\"\" width=\"189\" height=\"284\" srcset=\"https:\/\/jacquesfaujour.com\/wp-content\/uploads\/2023\/03\/Jacques-Faujour-683x1024-1-200x300.jpg 200w, https:\/\/jacquesfaujour.com\/wp-content\/uploads\/2023\/03\/Jacques-Faujour-683x1024-1.jpg 683w\" sizes=\"(max-width: 189px) 100vw, 189px\" \/><\/a><figcaption id=\"caption-attachment-138\" class=\"wp-caption-text\">\u00a9Jean-Pierre Roche<\/figcaption><\/figure>\n<p>N\u00e9 en 1949 \u00e0 Morlaix dans le Finist\u00e8re, Jacques Faujour obtient un BTS en photographie en 1971 \u00e0 l\u2019<a href=\"http:\/\/www.google.fr\/url?sa=t&amp;rct=j&amp;q=ecole%20louis%20lumi%C3%A8re&amp;source=web&amp;cd=1&amp;ved=0CDYQFjAA&amp;url=http%3A%2F%2Fwww.ens-louis-lumiere.fr%2F&amp;ei=lkrCTtKsGsPChAe2oaHbDQ&amp;usg=AFQjCNFYd9csh57yk5sj47ah14L_VCditw&amp;cad=rja\">\u00c9cole nationale&nbsp;&nbsp;&nbsp;&nbsp; sup\u00e9rieure Louis-Lumi\u00e8re<\/a>.<\/p>\n<p>Il vit \u00e0 Saint-Maur-des-Foss\u00e9s dans le Val-de-Marne depuis 1974.<\/p>\n<p>En 1973, il entre au Centre National d\u2019Art Contemporain (C.N.A.C.) comme photographe. En 1975, le C.N.A.C. est int\u00e9gr\u00e9 au Mus\u00e9e National d\u2019Art Moderne (Centre Georges Pompidou) o\u00f9 Jacques Faujour travaillera jusqu\u2019en 2000. De 2000 \u00e0 2010, il est photographe ind\u00e9pendant sp\u00e9cialis\u00e9 dans la reproduction d\u2019\u0153uvres d\u2019art.<\/p>\n<p>Parall\u00e8lement, il poursuit depuis 1971 un travail personnel soutenu \u00e0 Paris par la galerie Weiller..<\/p>\n","protected":false},"excerpt":{"rendered":"<p>N\u00e9 en 1949 \u00e0 Morlaix dans le Finist\u00e8re, Jacques Faujour obtient un BTS en photographie en 1971 \u00e0 l\u2019\u00c9cole nationale&nbsp;&nbsp;&nbsp;&nbsp; sup\u00e9rieure Louis-Lumi\u00e8re. Il vit \u00e0 Saint-Maur-des-Foss\u00e9s dans le Val-de-Marne depuis 1974. En 1973, il entre au Centre National d\u2019Art Contemporain (C.N.A.C.) comme photographe. En 1975, le C.N.A.C. est int\u00e9gr\u00e9 au Mus\u00e9e National d\u2019Art Moderne (Centre &hellip; <\/p>\n<p class=\"link-more\"><a href=\"https:\/\/jacquesfaujour.com\/index.php\/biographie\/\" class=\"more-link\">Continuer la lecture<span class=\"screen-reader-text\"> de &laquo;&nbsp;Biographie&nbsp;&raquo;<\/span><\/a><\/p>\n","protected":false},"author":1,"featured_media":0,"parent":0,"menu_order":0,"comment_status":"closed","ping_status":"closed","template":"","meta":[],"_links":{"self":[{"href":"https:\/\/jacquesfaujour.com\/index.php\/wp-json\/wp\/v2\/pages\/65"}],"collection":[{"href":"https:\/\/jacquesfaujour.com\/index.php\/wp-json\/wp\/v2\/pages"}],"about":[{"href":"https:\/\/jacquesfaujour.com\/index.php\/wp-json\/wp\/v2\/types\/page"}],"author":[{"embeddable":true,"href":"https:\/\/jacquesfaujour.com\/index.php\/wp-json\/wp\/v2\/users\/1"}],"replies":[{"embeddable":true,"href":"https:\/\/jacquesfaujour.com\/index.php\/wp-json\/wp\/v2\/comments?post=65"}],"version-history":[{"count":6,"href":"https:\/\/jacquesfaujour.com\/index.php\/wp-json\/wp\/v2\/pages\/65\/revisions"}],"predecessor-version":[{"id":779,"href":"https:\/\/jacquesfaujour.com\/index.php\/wp-json\/wp\/v2\/pages\/65\/revisions\/779"}],"wp:attachment":[{"href":"https:\/\/jacquesfaujour.com\/index.php\/wp-json\/wp\/v2\/media?parent=65"}],"curies":[{"name":"wp","href":"https:\/\/api.w.org\/{rel}","templated":true}]}}